{"id":4977,"date":"2025-07-27T10:53:01","date_gmt":"2025-07-27T08:53:01","guid":{"rendered":"http:\/\/www.kerradan.fr\/?page_id=4977"},"modified":"2026-01-29T12:08:21","modified_gmt":"2026-01-29T11:08:21","slug":"les-evenements-2025","status":"publish","type":"page","link":"http:\/\/www.kerradan.fr\/index.php\/les-evenements-2025\/","title":{"rendered":"Les Ev\u00e8nements 2025"},"content":{"rendered":"\n<h2 class=\"wp-block-heading has-vivid-red-color has-text-color has-link-color has-medium-font-size wp-elements-84aebfbccef3b54f7e9d2152b5b3098e\"><strong>On \u00e9taient pr\u00e9sents Dimanche 14 septembre 2025 sur la F\u00eate de l&rsquo;Estran &#8230;. <\/strong><\/h2>\n\n\n\n<div class=\"wp-block-media-text is-stacked-on-mobile\" style=\"grid-template-columns:30% auto\"><figure class=\"wp-block-media-text__media\"><img loading=\"lazy\" decoding=\"async\" width=\"673\" height=\"1024\" src=\"http:\/\/www.kerradan.fr\/wp-content\/uploads\/2026\/01\/49-Initiation-09-2025-673x1024.png\" alt=\"\" class=\"wp-image-5351 size-full\" srcset=\"http:\/\/www.kerradan.fr\/wp-content\/uploads\/2026\/01\/49-Initiation-09-2025-673x1024.png 673w, http:\/\/www.kerradan.fr\/wp-content\/uploads\/2026\/01\/49-Initiation-09-2025-197x300.png 197w, http:\/\/www.kerradan.fr\/wp-content\/uploads\/2026\/01\/49-Initiation-09-2025-768x1168.png 768w, http:\/\/www.kerradan.fr\/wp-content\/uploads\/2026\/01\/49-Initiation-09-2025-1010x1536.png 1010w, http:\/\/www.kerradan.fr\/wp-content\/uploads\/2026\/01\/49-Initiation-09-2025-1347x2048.png 1347w, http:\/\/www.kerradan.fr\/wp-content\/uploads\/2026\/01\/49-Initiation-09-2025.png 1487w\" sizes=\"auto, (max-width: 673px) 100vw, 673px\" \/><\/figure><div class=\"wp-block-media-text__content\">\n<p class=\"has-black-color has-text-color has-link-color has-medium-font-size wp-elements-f384558ac2b05b3df035200acbb78bed\"><strong>pour une initiation de danses bretonnes anim\u00e9e par notre animateur Marcel et avec l&rsquo;ensemble de veuze de Saint Jean de Boizeau Sant Yann&#8230;<\/strong><\/p>\n\n\n\n<p class=\"has-black-color has-text-color has-link-color has-medium-font-size wp-elements-f39b6279f26d5e7abab575e6c9b3fd10\">&#8230;<strong> mais aussi la tenue d&rsquo;un stand galettes dont une partie des b\u00e9n\u00e9fices est revers\u00e9e aux Restos du Coeur <\/strong><\/p>\n<\/div><\/div>\n\n\n\n<hr class=\"wp-block-separator has-text-color has-vivid-cyan-blue-color has-alpha-channel-opacity has-vivid-cyan-blue-background-color has-background is-style-wide\"\/>\n\n\n\n<h2 class=\"wp-block-heading has-vivid-red-color has-text-color has-link-color has-medium-font-size wp-elements-28a24808fd4d2923e915dbdf5e66cbdf\"><strong>Jeudi 21 Ao\u00fbt 2025 &#8211; &nbsp;Rythme effr\u00e9n\u00e9 &nbsp;et convivialit\u00e9 jeudi dernier \u00e0 La Bernerie&nbsp;<\/strong><\/h2>\n\n\n\n<p class=\"has-black-color has-text-color has-link-color wp-elements-57e103c6ec49fc7ef112a6745c15b596\"><strong>On&nbsp;avait promis un Fest Noz endiabl\u00e9 et les nombreux danseurs&nbsp;attir\u00e9s par la qualit\u00e9 de l&rsquo;affiche propos\u00e9e par Kerradan et la Mairie de La Bernerie n&rsquo;ont pas \u00e9t\u00e9 d\u00e9\u00e7us.<\/strong><\/p>\n\n\n\n<div class=\"wp-block-columns is-layout-flex wp-container-core-columns-is-layout-9d6595d7 wp-block-columns-is-layout-flex\">\n<div class=\"wp-block-column is-layout-flow wp-block-column-is-layout-flow\">\n<figure class=\"wp-block-image size-full\"><img loading=\"lazy\" decoding=\"async\" width=\"640\" height=\"480\" src=\"http:\/\/www.kerradan.fr\/wp-content\/uploads\/2025\/08\/3-rotated.jpg\" alt=\"\" class=\"wp-image-5100\" srcset=\"http:\/\/www.kerradan.fr\/wp-content\/uploads\/2025\/08\/3-rotated.jpg 640w, http:\/\/www.kerradan.fr\/wp-content\/uploads\/2025\/08\/3-300x225.jpg 300w\" sizes=\"auto, (max-width: 640px) 100vw, 640px\" \/><\/figure>\n\n\n\n<p class=\"has-black-color has-text-color has-link-color wp-elements-b1bbd763ebb5ffeb3e02d566928730de\"><strong>D\u00e8s 21H, Nosic\u00e4a donne&nbsp;le ton avec&nbsp;un Kos Ar Hoet pour la mise en jambe &#8230;. Puis la voix profonde de Sterenn&nbsp;se fond avec harmonie avec la fl\u00fbte traversi\u00e8re de Baptiste et la guitare de&nbsp;Dorian. Musique et chants en bretons s&rsquo;enchainent et mettent&nbsp;pieds et petits doigts au rythme de la Bretagne.<\/strong><\/p>\n<\/div>\n\n\n\n<div class=\"wp-block-column is-layout-flow wp-block-column-is-layout-flow\">\n<figure class=\"wp-block-image size-full\"><img loading=\"lazy\" decoding=\"async\" width=\"960\" height=\"714\" src=\"http:\/\/www.kerradan.fr\/wp-content\/uploads\/2025\/08\/2.jpg\" alt=\"\" class=\"wp-image-5101\" srcset=\"http:\/\/www.kerradan.fr\/wp-content\/uploads\/2025\/08\/2.jpg 960w, http:\/\/www.kerradan.fr\/wp-content\/uploads\/2025\/08\/2-300x223.jpg 300w, http:\/\/www.kerradan.fr\/wp-content\/uploads\/2025\/08\/2-768x571.jpg 768w\" sizes=\"auto, (max-width: 960px) 100vw, 960px\" \/><\/figure>\n\n\n\n<p class=\"has-black-color has-text-color has-link-color wp-elements-c93b77fb4ff66ebd3510f744d844e5eb\"><strong>21H45,&nbsp;Kelt Trio prend la rel\u00e8ve aur sc\u00e8ne et c&rsquo;est \u00e0 une v\u00e9ritable explosion musicale&nbsp;\u00e0 laquelle on assiste&nbsp;&#8230;.. un rythme \u00e0 couper le soufle sur un r\u00e9pertoire breton parfaitement ma\u00eetris\u00e9. Il faut dire qu&rsquo;il y a beaucoup de talent et d&rsquo;originalit\u00e9 dans ce trio, avec Quentin \u00e0 la bombarde&nbsp;et le duo p\u00e8re\/fille&nbsp;avec Xavier \u00e0 l\u2019accord\u00e9on et Klo\u00e9 au trombone,&nbsp;champions de Bretagne&nbsp;en 2024, cat\u00e9gorie duo libre.&nbsp;Une&nbsp;virtuosit\u00e9 qui attire une foule de plus en plus nombreuse de&nbsp;m\u00e9lomanes. Ils ne savent pas danser, qu&rsquo;importe, ils tapent dans leurs mains pendant que les autres dansent.&nbsp;\u00ab\u00a0Le trio avec la jeune tromboniste \u00e9tait une vraie merveille pour les danseurs\u00a0\u00bb m&rsquo;\u00e9crira un des danseurs pr\u00e9sents.&nbsp;<\/strong><\/p>\n<\/div>\n<\/div>\n\n\n\n<div class=\"wp-block-media-text is-stacked-on-mobile\"><figure class=\"wp-block-media-text__media\"><img loading=\"lazy\" decoding=\"async\" width=\"960\" height=\"540\" src=\"http:\/\/www.kerradan.fr\/wp-content\/uploads\/2025\/08\/1-1.png\" alt=\"\" class=\"wp-image-5103 size-full\" srcset=\"http:\/\/www.kerradan.fr\/wp-content\/uploads\/2025\/08\/1-1.png 960w, http:\/\/www.kerradan.fr\/wp-content\/uploads\/2025\/08\/1-1-300x169.png 300w, http:\/\/www.kerradan.fr\/wp-content\/uploads\/2025\/08\/1-1-768x432.png 768w\" sizes=\"auto, (max-width: 960px) 100vw, 960px\" \/><\/figure><div class=\"wp-block-media-text__content\">\n<p class=\"has-black-color has-text-color has-link-color wp-elements-ab3f72e2735ec6c97d8ddbf52d11e847\"><strong>Un&nbsp;tr\u00e8s intense Fest-Noz&nbsp;qui s&rsquo;est poursuivi jusqu&rsquo;\u00e0 minuit pass\u00e9 dans une ambiance surchauff\u00e9e et&nbsp;chaleureuse, mais aussi&nbsp;un beau moment de partage interg\u00e9n\u00e9rationnel car ils sont nombreux \u00e0 \u00eatre venus&nbsp;en famille.<\/strong><\/p>\n\n\n\n<p class=\"has-black-color has-text-color has-link-color wp-elements-7edcc8d1f147206d23db00083c77f86c\"><strong>Une super soir\u00e9e qui&nbsp;m&rsquo;a laiss\u00e9 plein de courbatures, mais des \u00e9toiles dans les oreilles.&nbsp;<\/strong><\/p>\n<\/div><\/div>\n\n\n\n<hr class=\"wp-block-separator has-text-color has-vivid-cyan-blue-color has-alpha-channel-opacity has-vivid-cyan-blue-background-color has-background is-style-wide\"\/>\n\n\n\n<h2 class=\"wp-block-heading has-vivid-red-color has-text-color has-link-color has-medium-font-size wp-elements-60b313ccf13fb54e1415c4dddf1e65de\"><strong>Jeudi 24 Juillet 2025 &#8211; m\u00e9lodies celtes et airs traditionnels bretons pour une plong\u00e9e authentique dans la culture celtique<\/strong><\/h2>\n\n\n\n<div class=\"wp-block-columns is-layout-flex wp-container-core-columns-is-layout-9d6595d7 wp-block-columns-is-layout-flex\">\n<div class=\"wp-block-column is-layout-flow wp-block-column-is-layout-flow\">\n<figure class=\"wp-block-image size-large\"><img loading=\"lazy\" decoding=\"async\" width=\"1024\" height=\"576\" src=\"http:\/\/www.kerradan.fr\/wp-content\/uploads\/2025\/07\/Fest-Noz-24-07-2025-16-1024x576.png\" alt=\"\" class=\"wp-image-4978\" srcset=\"http:\/\/www.kerradan.fr\/wp-content\/uploads\/2025\/07\/Fest-Noz-24-07-2025-16-1024x576.png 1024w, http:\/\/www.kerradan.fr\/wp-content\/uploads\/2025\/07\/Fest-Noz-24-07-2025-16-300x169.png 300w, http:\/\/www.kerradan.fr\/wp-content\/uploads\/2025\/07\/Fest-Noz-24-07-2025-16-768x432.png 768w, http:\/\/www.kerradan.fr\/wp-content\/uploads\/2025\/07\/Fest-Noz-24-07-2025-16-1536x864.png 1536w, http:\/\/www.kerradan.fr\/wp-content\/uploads\/2025\/07\/Fest-Noz-24-07-2025-16.png 1920w\" sizes=\"auto, (max-width: 1024px) 100vw, 1024px\" \/><\/figure>\n\n\n\n<p class=\"has-black-color has-text-color has-link-color wp-elements-7e5cb4e36776b6f3284049d3d1ebcb5f\"><strong>D\u00e8s 20H45, le bagad Holen Mor nous a r\u00e9gal\u00e9 de&nbsp;deux &nbsp;gwerz &#8230;. &nbsp;une plong\u00e9e authentique dans la culture bretonne avant d&rsquo;encha\u00eener sur des airs \u00e0 danser. Un hanterdro pour commencer doucement, puis le rythme s&rsquo;est tr\u00e8s vite acc\u00e9l\u00e9r\u00e9 &#8230;.&nbsp;bombardes, cornemuses, guitare, violon et clavier au service d\u2019un&nbsp;An-dro, Kost Ar C\u2019hoat, Gavottes ou Mazurka&#8230;..<\/strong><\/p>\n<\/div>\n\n\n\n<div class=\"wp-block-column is-layout-flow wp-block-column-is-layout-flow\"><div class=\"wp-block-image\">\n<figure class=\"aligncenter size-large is-resized\"><img loading=\"lazy\" decoding=\"async\" width=\"768\" height=\"1024\" src=\"http:\/\/www.kerradan.fr\/wp-content\/uploads\/2025\/07\/Fest-Noz-24-07-2025-3-768x1024.jpeg\" alt=\"\" class=\"wp-image-4979\" style=\"width:211px;height:auto\" srcset=\"http:\/\/www.kerradan.fr\/wp-content\/uploads\/2025\/07\/Fest-Noz-24-07-2025-3-768x1024.jpeg 768w, http:\/\/www.kerradan.fr\/wp-content\/uploads\/2025\/07\/Fest-Noz-24-07-2025-3-225x300.jpeg 225w, http:\/\/www.kerradan.fr\/wp-content\/uploads\/2025\/07\/Fest-Noz-24-07-2025-3-1152x1536.jpeg 1152w, http:\/\/www.kerradan.fr\/wp-content\/uploads\/2025\/07\/Fest-Noz-24-07-2025-3-1536x2048.jpeg 1536w, http:\/\/www.kerradan.fr\/wp-content\/uploads\/2025\/07\/Fest-Noz-24-07-2025-3-scaled.jpeg 1920w\" sizes=\"auto, (max-width: 768px) 100vw, 768px\" \/><\/figure>\n<\/div>\n\n\n<p class=\"has-black-color has-text-color has-link-color wp-elements-8d1c5b0a7f3ddfa67814cac4f845f401\"><strong>&#8230; 22H d\u00e9j\u00e0 ,&nbsp;les animateurs de Kerradan,&nbsp;Marcel et Jean-Yves, prennent la rel\u00e8ve et entonnent des chants bretons \u00ab\u00a0a capella\u00a0\u00bb. La cadense est de plus en plus soutenue.&nbsp;Une belle surprise&nbsp;particuli\u00e8rement appr\u00e9ci\u00e9e, selon de nombreux danseurs&#8230;..<\/strong><\/p>\n<\/div>\n\n\n\n<div class=\"wp-block-column is-layout-flow wp-block-column-is-layout-flow\">\n<figure class=\"wp-block-image size-large\"><img loading=\"lazy\" decoding=\"async\" width=\"1024\" height=\"576\" src=\"http:\/\/www.kerradan.fr\/wp-content\/uploads\/2025\/07\/Fest-Noz-24-07-2025-15-1024x576.png\" alt=\"\" class=\"wp-image-4980\" srcset=\"http:\/\/www.kerradan.fr\/wp-content\/uploads\/2025\/07\/Fest-Noz-24-07-2025-15-1024x576.png 1024w, http:\/\/www.kerradan.fr\/wp-content\/uploads\/2025\/07\/Fest-Noz-24-07-2025-15-300x169.png 300w, http:\/\/www.kerradan.fr\/wp-content\/uploads\/2025\/07\/Fest-Noz-24-07-2025-15-768x432.png 768w, http:\/\/www.kerradan.fr\/wp-content\/uploads\/2025\/07\/Fest-Noz-24-07-2025-15-1536x864.png 1536w, http:\/\/www.kerradan.fr\/wp-content\/uploads\/2025\/07\/Fest-Noz-24-07-2025-15.png 1920w\" sizes=\"auto, (max-width: 1024px) 100vw, 1024px\" \/><\/figure>\n\n\n\n<p class=\"has-black-color has-text-color has-link-color wp-elements-35a58abcf32ae6063ab313e9cc9f992c\"><strong>&#8230;. puis, c&rsquo;est au tour de Koskerien,&nbsp;groupe breton bien connu des danseurs, de monter sur sc\u00e8ne. Avec son dynamisme habituel et la qualit\u00e9 de sa prestation, ces quatres musiciens talentueux ont&nbsp;fait monter la pression d&rsquo;un cran et ont mis&nbsp;le feu sous la Halle de La Bernerie, pour le plus grand plaisir des danseurs pr\u00e9sents.<\/strong><\/p>\n<\/div>\n<\/div>\n\n\n\n<p class=\"has-black-color has-text-color has-link-color wp-elements-b9ea1917e013159d8cf954a5d66a9d11\"><strong>La soir\u00e9e s&rsquo;est termin\u00e9e dans un tonnerre d&rsquo;applaudissements pour notre plus grande satisfaction.<\/strong> <strong>Un Fest Noz plus que r\u00e9ussi &#8230; un tr\u00e8s beau souvenir<\/strong><\/p>\n\n\n\n<hr class=\"wp-block-separator has-text-color has-vivid-cyan-blue-color has-alpha-channel-opacity has-vivid-cyan-blue-background-color has-background is-style-wide\"\/>\n\n\n\n<h2 class=\"wp-block-heading has-vivid-red-color has-text-color has-link-color has-medium-font-size wp-elements-f85a0a65ceb2fd7a4a2ebc4927cff418\"><strong>Samedi<\/strong> <strong>5 Avril 2025 &#8211; la concurrence \u00e9tait rude ce samedi soir, mais on avait la bonne recette pour notre Fest Noz plac\u00e9 sous le signe de l\u2019\u00e9nergie &#8230;.<\/strong><\/h2>\n\n\n\n<div class=\"wp-block-columns is-layout-flex wp-container-core-columns-is-layout-9d6595d7 wp-block-columns-is-layout-flex\">\n<div class=\"wp-block-column is-layout-flow wp-block-column-is-layout-flow\" style=\"flex-basis:25%\">\n<figure class=\"wp-block-image size-large is-resized\"><img loading=\"lazy\" decoding=\"async\" width=\"576\" height=\"1024\" src=\"http:\/\/www.kerradan.fr\/wp-content\/uploads\/2025\/07\/vlcsnap-2025-07-27-11h25m34s226-576x1024.png\" alt=\"\" class=\"wp-image-4990\" style=\"width:177px;height:auto\" srcset=\"http:\/\/www.kerradan.fr\/wp-content\/uploads\/2025\/07\/vlcsnap-2025-07-27-11h25m34s226-576x1024.png 576w, http:\/\/www.kerradan.fr\/wp-content\/uploads\/2025\/07\/vlcsnap-2025-07-27-11h25m34s226-169x300.png 169w, http:\/\/www.kerradan.fr\/wp-content\/uploads\/2025\/07\/vlcsnap-2025-07-27-11h25m34s226-768x1365.png 768w, http:\/\/www.kerradan.fr\/wp-content\/uploads\/2025\/07\/vlcsnap-2025-07-27-11h25m34s226-864x1536.png 864w, http:\/\/www.kerradan.fr\/wp-content\/uploads\/2025\/07\/vlcsnap-2025-07-27-11h25m34s226.png 1080w\" sizes=\"auto, (max-width: 576px) 100vw, 576px\" \/><\/figure>\n<\/div>\n\n\n\n<div class=\"wp-block-column is-layout-flow wp-block-column-is-layout-flow\" style=\"flex-basis:50%\">\n<p class=\"has-black-color has-text-color has-link-color wp-elements-4f2361504b23044c0f24cd4d5a1bb22c\"><strong>Une fricass\u00e9e d&rsquo;airs bretons aromatis\u00e9e de chants traditionnels avec Korriganed, groupe breton sp\u00e9cialis\u00e9 dans le r\u00e9pertoire Vannetais, un cocktail de musique bretonne, mais aussi vend\u00e9enne avec Courant d\u2019Air\u2019S, groupe vend\u00e9en tr\u00e8s appr\u00e9ci\u00e9 des danseurs, et un virtuose de l\u2019accord\u00e9on chromatique, Yves Le Guennec, qui a explor\u00e9 avec talent le r\u00e9pertoire breton \u2026. Les nombreux danseurs pr\u00e9sents n&rsquo;en ont pas perdu une miette.<\/strong><\/p>\n<\/div>\n\n\n\n<div class=\"wp-block-column is-layout-flow wp-block-column-is-layout-flow\" style=\"flex-basis:25%\">\n<figure class=\"wp-block-image size-large is-resized\"><img loading=\"lazy\" decoding=\"async\" width=\"576\" height=\"1024\" src=\"http:\/\/www.kerradan.fr\/wp-content\/uploads\/2025\/07\/vlcsnap-2025-07-27-11h29m37s468-576x1024.png\" alt=\"\" class=\"wp-image-4992\" style=\"width:173px;height:auto\" srcset=\"http:\/\/www.kerradan.fr\/wp-content\/uploads\/2025\/07\/vlcsnap-2025-07-27-11h29m37s468-576x1024.png 576w, http:\/\/www.kerradan.fr\/wp-content\/uploads\/2025\/07\/vlcsnap-2025-07-27-11h29m37s468-169x300.png 169w, http:\/\/www.kerradan.fr\/wp-content\/uploads\/2025\/07\/vlcsnap-2025-07-27-11h29m37s468-768x1365.png 768w, http:\/\/www.kerradan.fr\/wp-content\/uploads\/2025\/07\/vlcsnap-2025-07-27-11h29m37s468-864x1536.png 864w, http:\/\/www.kerradan.fr\/wp-content\/uploads\/2025\/07\/vlcsnap-2025-07-27-11h29m37s468.png 1080w\" sizes=\"auto, (max-width: 576px) 100vw, 576px\" \/><\/figure>\n<\/div>\n<\/div>\n\n\n\n<hr class=\"wp-block-separator has-text-color has-vivid-cyan-blue-color has-alpha-channel-opacity has-vivid-cyan-blue-background-color has-background is-style-wide\"\/>\n\n\n\n<h2 class=\"wp-block-heading has-vivid-red-color has-text-color has-link-color has-medium-font-size wp-elements-67842a07712975ed9b8a731865f74ae5\"><strong>Samedi 12 et Dimanche 13 Avril 2025 &#8211; week-end de solidarit\u00e9&#8230;<\/strong><\/h2>\n\n\n\n<p class=\"has-black-color has-text-color has-link-color wp-elements-393e2fa02eaf08706a7c8d66ebac7d92\"><strong>Il ne faisait pas tr\u00e8s chaud ce week-end d&rsquo;avril et les visiteurs qui avaient r\u00e9pondu pr\u00e9sents \u00e0 l&rsquo;appel de solidarit\u00e9 des communes de La Bernerie en Retz et des Moutiers en Retz ont eu beaucoup de mal \u00e0 entrer dans la danse\u2026 \u2026 Qu&rsquo;\u00e0 cela ne tienne, une douzaine de danseurs chevronn\u00e9s \u00e9taient pr\u00e9sents pour animer les bourgs &#8230;.. le samedi avec les groupes Pornicais Jad\u2019hisse et Retz Majeur sous la halle de La Bernerie &#8230;. et le dimanche aux Moutiers avec le groupe Carr\u00e9ment Celtes.<\/strong><\/p>\n\n\n\n<p class=\"has-black-color has-text-color has-link-color wp-elements-810ba7b25e63a63693f5df72353c141b\"><strong>De l\u2019An Dro \u00e0 l\u2019Hanter Dro, en passant par des Avant 2, &nbsp;Avant 4, &nbsp;Dans, Bals, Mazurka, Ronds ou Scottish, on a \u00e9t\u00e9 ravis de participer \u00e0 ce week-end de solidarit\u00e9 qui a permis de reverser 7011\u20ac \u00e0 l&rsquo;association monast\u00e9rienne&nbsp;: \u00ab&nbsp;courir avec&nbsp;\u00bb.<\/strong><\/p>\n\n\n\n<div class=\"wp-block-columns is-layout-flex wp-container-core-columns-is-layout-9d6595d7 wp-block-columns-is-layout-flex\">\n<div class=\"wp-block-column is-layout-flow wp-block-column-is-layout-flow\">\n<figure class=\"wp-block-image size-large\"><img loading=\"lazy\" decoding=\"async\" width=\"1024\" height=\"576\" src=\"http:\/\/www.kerradan.fr\/wp-content\/uploads\/2025\/07\/La-Bernerie-12-04-2025-9-1024x576.png\" alt=\"\" class=\"wp-image-5025\" srcset=\"http:\/\/www.kerradan.fr\/wp-content\/uploads\/2025\/07\/La-Bernerie-12-04-2025-9-1024x576.png 1024w, http:\/\/www.kerradan.fr\/wp-content\/uploads\/2025\/07\/La-Bernerie-12-04-2025-9-300x169.png 300w, http:\/\/www.kerradan.fr\/wp-content\/uploads\/2025\/07\/La-Bernerie-12-04-2025-9-768x432.png 768w, http:\/\/www.kerradan.fr\/wp-content\/uploads\/2025\/07\/La-Bernerie-12-04-2025-9.png 1280w\" sizes=\"auto, (max-width: 1024px) 100vw, 1024px\" \/><\/figure>\n<\/div>\n\n\n\n<div class=\"wp-block-column is-layout-flow wp-block-column-is-layout-flow\">\n<figure class=\"wp-block-image size-full\"><img loading=\"lazy\" decoding=\"async\" width=\"726\" height=\"635\" src=\"http:\/\/www.kerradan.fr\/wp-content\/uploads\/2025\/07\/Les-Moutiers-13-04-2025-1.png\" alt=\"\" class=\"wp-image-5026\" srcset=\"http:\/\/www.kerradan.fr\/wp-content\/uploads\/2025\/07\/Les-Moutiers-13-04-2025-1.png 726w, http:\/\/www.kerradan.fr\/wp-content\/uploads\/2025\/07\/Les-Moutiers-13-04-2025-1-300x262.png 300w\" sizes=\"auto, (max-width: 726px) 100vw, 726px\" \/><\/figure>\n<\/div>\n\n\n\n<div class=\"wp-block-column is-layout-flow wp-block-column-is-layout-flow\">\n<figure class=\"wp-block-image size-large\"><img loading=\"lazy\" decoding=\"async\" width=\"1024\" height=\"745\" src=\"http:\/\/www.kerradan.fr\/wp-content\/uploads\/2025\/07\/Remise-Cheque-9-Mai-2025-2-1024x745.jpg\" alt=\"\" class=\"wp-image-5027\" srcset=\"http:\/\/www.kerradan.fr\/wp-content\/uploads\/2025\/07\/Remise-Cheque-9-Mai-2025-2-1024x745.jpg 1024w, http:\/\/www.kerradan.fr\/wp-content\/uploads\/2025\/07\/Remise-Cheque-9-Mai-2025-2-300x218.jpg 300w, http:\/\/www.kerradan.fr\/wp-content\/uploads\/2025\/07\/Remise-Cheque-9-Mai-2025-2-768x559.jpg 768w, http:\/\/www.kerradan.fr\/wp-content\/uploads\/2025\/07\/Remise-Cheque-9-Mai-2025-2-1536x1117.jpg 1536w, http:\/\/www.kerradan.fr\/wp-content\/uploads\/2025\/07\/Remise-Cheque-9-Mai-2025-2-2048x1490.jpg 2048w\" sizes=\"auto, (max-width: 1024px) 100vw, 1024px\" \/><\/figure>\n<\/div>\n<\/div>\n\n\n\n<hr class=\"wp-block-separator has-text-color has-vivid-cyan-blue-color has-alpha-channel-opacity has-vivid-cyan-blue-background-color has-background is-style-wide\"\/>\n\n\n\n<h2 class=\"wp-block-heading has-vivid-red-color has-text-color has-link-color has-medium-font-size wp-elements-45e338c75c9d003975d275e765bb4fd3\"><strong>Lundi 17 Mars 2025 &#8211;&nbsp; Danses Bretonnes \u00e0 la R\u00e9sidence du Soleil de La Bernerie<\/strong><\/h2>\n\n\n\n<div class=\"wp-block-columns is-layout-flex wp-container-core-columns-is-layout-9d6595d7 wp-block-columns-is-layout-flex\">\n<div class=\"wp-block-column is-layout-flow wp-block-column-is-layout-flow\">\n<p class=\"has-black-color has-text-color has-link-color wp-elements-1fe38591fe8b440004eb1b430146e895\"><strong>G\u00e9rard, Gaston et Jean-Yves,<\/strong> <strong>musiciens et chanteurs de Kerradan, ont fait danser quelques uns de nos danseurs chevronn\u00e9s &#8230;. une animation particuli\u00e8rement appr\u00e9ci\u00e9e des r\u00e9sidents de la R\u00e9sidence du Soleil.<\/strong><\/p>\n\n\n\n<figure class=\"wp-block-image size-large is-resized\"><img loading=\"lazy\" decoding=\"async\" width=\"1024\" height=\"768\" src=\"http:\/\/www.kerradan.fr\/wp-content\/uploads\/2025\/07\/Ehpad-17-03-2025-6-1024x768.jpg\" alt=\"\" class=\"wp-image-5030\" style=\"width:373px;height:auto\" srcset=\"http:\/\/www.kerradan.fr\/wp-content\/uploads\/2025\/07\/Ehpad-17-03-2025-6-1024x768.jpg 1024w, http:\/\/www.kerradan.fr\/wp-content\/uploads\/2025\/07\/Ehpad-17-03-2025-6-300x225.jpg 300w, http:\/\/www.kerradan.fr\/wp-content\/uploads\/2025\/07\/Ehpad-17-03-2025-6-768x576.jpg 768w, http:\/\/www.kerradan.fr\/wp-content\/uploads\/2025\/07\/Ehpad-17-03-2025-6-1536x1152.jpg 1536w, http:\/\/www.kerradan.fr\/wp-content\/uploads\/2025\/07\/Ehpad-17-03-2025-6-2048x1536.jpg 2048w\" sizes=\"auto, (max-width: 1024px) 100vw, 1024px\" \/><\/figure>\n<\/div>\n\n\n\n<div class=\"wp-block-column is-layout-flow wp-block-column-is-layout-flow\">\n<figure class=\"wp-block-image size-large is-resized\"><img loading=\"lazy\" decoding=\"async\" width=\"1024\" height=\"576\" src=\"http:\/\/www.kerradan.fr\/wp-content\/uploads\/2025\/07\/vlcsnap-2025-07-27-13h33m23s350-1024x576.png\" alt=\"\" class=\"wp-image-5031\" style=\"width:346px;height:auto\" srcset=\"http:\/\/www.kerradan.fr\/wp-content\/uploads\/2025\/07\/vlcsnap-2025-07-27-13h33m23s350-1024x576.png 1024w, http:\/\/www.kerradan.fr\/wp-content\/uploads\/2025\/07\/vlcsnap-2025-07-27-13h33m23s350-300x169.png 300w, http:\/\/www.kerradan.fr\/wp-content\/uploads\/2025\/07\/vlcsnap-2025-07-27-13h33m23s350-768x432.png 768w, http:\/\/www.kerradan.fr\/wp-content\/uploads\/2025\/07\/vlcsnap-2025-07-27-13h33m23s350-1536x864.png 1536w, http:\/\/www.kerradan.fr\/wp-content\/uploads\/2025\/07\/vlcsnap-2025-07-27-13h33m23s350.png 1920w\" sizes=\"auto, (max-width: 1024px) 100vw, 1024px\" \/><\/figure>\n\n\n\n<figure class=\"wp-block-image size-large is-resized\"><img loading=\"lazy\" decoding=\"async\" width=\"1024\" height=\"576\" src=\"http:\/\/www.kerradan.fr\/wp-content\/uploads\/2025\/07\/vlcsnap-2025-07-27-13h32m37s936-1024x576.png\" alt=\"\" class=\"wp-image-5032\" style=\"width:348px;height:auto\" srcset=\"http:\/\/www.kerradan.fr\/wp-content\/uploads\/2025\/07\/vlcsnap-2025-07-27-13h32m37s936-1024x576.png 1024w, http:\/\/www.kerradan.fr\/wp-content\/uploads\/2025\/07\/vlcsnap-2025-07-27-13h32m37s936-300x169.png 300w, http:\/\/www.kerradan.fr\/wp-content\/uploads\/2025\/07\/vlcsnap-2025-07-27-13h32m37s936-768x432.png 768w, http:\/\/www.kerradan.fr\/wp-content\/uploads\/2025\/07\/vlcsnap-2025-07-27-13h32m37s936-1536x864.png 1536w, http:\/\/www.kerradan.fr\/wp-content\/uploads\/2025\/07\/vlcsnap-2025-07-27-13h32m37s936.png 1920w\" sizes=\"auto, (max-width: 1024px) 100vw, 1024px\" \/><\/figure>\n\n\n\n<figure class=\"wp-block-image size-large is-resized\"><img loading=\"lazy\" decoding=\"async\" width=\"1024\" height=\"576\" src=\"http:\/\/www.kerradan.fr\/wp-content\/uploads\/2025\/07\/vlcsnap-2025-07-27-13h32m52s130-1024x576.png\" alt=\"\" class=\"wp-image-5033\" style=\"width:350px;height:auto\" srcset=\"http:\/\/www.kerradan.fr\/wp-content\/uploads\/2025\/07\/vlcsnap-2025-07-27-13h32m52s130-1024x576.png 1024w, http:\/\/www.kerradan.fr\/wp-content\/uploads\/2025\/07\/vlcsnap-2025-07-27-13h32m52s130-300x169.png 300w, http:\/\/www.kerradan.fr\/wp-content\/uploads\/2025\/07\/vlcsnap-2025-07-27-13h32m52s130-768x432.png 768w, http:\/\/www.kerradan.fr\/wp-content\/uploads\/2025\/07\/vlcsnap-2025-07-27-13h32m52s130-1536x864.png 1536w, http:\/\/www.kerradan.fr\/wp-content\/uploads\/2025\/07\/vlcsnap-2025-07-27-13h32m52s130.png 1920w\" sizes=\"auto, (max-width: 1024px) 100vw, 1024px\" \/><\/figure>\n<\/div>\n<\/div>\n\n\n\n<p><\/p>\n","protected":false},"excerpt":{"rendered":"<p>On \u00e9taient pr\u00e9sents Dimanche 14 septembre 2025 sur la F\u00eate de l&rsquo;Estran &#8230;. pour une initiation de danses bretonnes anim\u00e9e par notre animateur Marcel et avec l&rsquo;ensemble de veuze de Saint Jean de Boizeau Sant Yann&#8230; &#8230; mais aussi la tenue d&rsquo;un stand galettes dont une partie des b\u00e9n\u00e9fices est revers\u00e9e aux Restos du Coeur<\/p>\n","protected":false},"author":1,"featured_media":0,"parent":0,"menu_order":0,"comment_status":"closed","ping_status":"closed","template":"","meta":{"footnotes":""},"class_list":["post-4977","page","type-page","status-publish","hentry"],"_links":{"self":[{"href":"http:\/\/www.kerradan.fr\/index.php\/wp-json\/wp\/v2\/pages\/4977","targetHints":{"allow":["GET"]}}],"collection":[{"href":"http:\/\/www.kerradan.fr\/index.php\/wp-json\/wp\/v2\/pages"}],"about":[{"href":"http:\/\/www.kerradan.fr\/index.php\/wp-json\/wp\/v2\/types\/page"}],"author":[{"embeddable":true,"href":"http:\/\/www.kerradan.fr\/index.php\/wp-json\/wp\/v2\/users\/1"}],"replies":[{"embeddable":true,"href":"http:\/\/www.kerradan.fr\/index.php\/wp-json\/wp\/v2\/comments?post=4977"}],"version-history":[{"count":26,"href":"http:\/\/www.kerradan.fr\/index.php\/wp-json\/wp\/v2\/pages\/4977\/revisions"}],"predecessor-version":[{"id":5352,"href":"http:\/\/www.kerradan.fr\/index.php\/wp-json\/wp\/v2\/pages\/4977\/revisions\/5352"}],"wp:attachment":[{"href":"http:\/\/www.kerradan.fr\/index.php\/wp-json\/wp\/v2\/media?parent=4977"}],"curies":[{"name":"wp","href":"https:\/\/api.w.org\/{rel}","templated":true}]}}