{"id":1972,"date":"2021-10-12T11:50:46","date_gmt":"2021-10-12T09:50:46","guid":{"rendered":"http:\/\/www.kerradan.fr\/?page_id=1972"},"modified":"2025-07-27T11:47:50","modified_gmt":"2025-07-27T09:47:50","slug":"nos-evenements","status":"publish","type":"page","link":"http:\/\/www.kerradan.fr\/index.php\/nos-evenements\/","title":{"rendered":"C&rsquo;\u00e9tait Hier"},"content":{"rendered":"\n<p class=\"has-black-color has-text-color has-medium-font-size\"><strong>D<em>\u00e9tail en cliquant sur le bouton de l&rsquo;ann\u00e9e concern\u00e9e\u2026<\/em><\/strong><\/p>\n\n\n\n<div class=\"wp-block-columns is-layout-flex wp-container-core-columns-is-layout-9d6595d7 wp-block-columns-is-layout-flex\">\n<div class=\"wp-block-column is-layout-flow wp-block-column-is-layout-flow\">\n<div class=\"wp-block-buttons is-layout-flex wp-block-buttons-is-layout-flex\">\n<div class=\"wp-block-button has-custom-width wp-block-button__width-100\"><a class=\"wp-block-button__link has-vivid-red-color has-pale-ocean-gradient-background has-text-color has-background has-x-large-font-size has-custom-font-size wp-element-button\" href=\"http:\/\/www.kerradan.fr\/index.php\/les-evenements-2025\/\" target=\"_blank\" rel=\"noreferrer noopener\">&#8230;. 2025 &#8230;&#8230;<\/a><\/div>\n<\/div>\n<\/div>\n<\/div>\n\n\n\n<div class=\"wp-block-columns is-layout-flex wp-container-core-columns-is-layout-9d6595d7 wp-block-columns-is-layout-flex\">\n<div class=\"wp-block-column is-layout-flow wp-block-column-is-layout-flow\">\n<p class=\"has-vivid-red-color has-text-color has-link-color has-medium-font-size wp-elements-df66cf3ee3142ce36aff0374e5f27eec\"><strong><strong>2024 &#8230;. C<\/strong>&lsquo;est notre anniversaire &#8230;. 15 ans d\u00e9j\u00e0<\/strong><\/p>\n\n\n\n<p class=\"has-vivid-red-color has-text-color has-link-color has-medium-font-size wp-elements-bf432bf2edd1d4f23bb1a9b77182078b\"><strong>2023, on continue sur notre lanc\u00e9e&#8230;.<\/strong><\/p>\n\n\n\n<p class=\"has-vivid-red-color has-text-color has-link-color has-medium-font-size wp-elements-5bad34441dad8303940efff6f563a56d\"><strong>2022, une ann\u00e9e riche en nouveaut\u00e9s&#8230;. <\/strong><\/p>\n\n\n\n<p class=\"has-black-color has-text-color has-link-color has-medium-font-size wp-elements-af213288876922b895ae7c070a4485dc\">Outre le retour tant attendu des Fest Noz sans masques ni contraintes, 2022 c&rsquo;est <\/p>\n\n\n\n<ul class=\"wp-block-list has-black-color has-text-color has-link-color has-medium-font-size wp-elements-d47d3feeb2b1112b983335d06afbe36a\">\n<li class=\"has-medium-font-size\">Notre 1er Fest Deiz &#8230;. au profit du T\u00e9l\u00e9thon<\/li>\n\n\n\n<li class=\"has-medium-font-size\">Notre 1er stand cr\u00eapes-galettes-g\u00e2teaux lors d&rsquo;une f\u00eate locale \u00ab\u00a0L&rsquo;estran en F\u00eate\u00a0\u00bb&nbsp;\u2026<\/li>\n\n\n\n<li class=\"has-medium-font-size\">Notre 1\u00e8re participation \u00e0 la F\u00eate du sport,&nbsp;<\/li>\n<\/ul>\n\n\n\n<p class=\"has-vivid-red-color has-text-color has-link-color has-medium-font-size wp-elements-380d1979ae3cff048a1e047b3846997f\"><strong>2020 &#8230;2021 &#8230;. des ann\u00e9es chaotiques, avec un seul mot d&rsquo;ordre \u00ab\u00a0garder le lien\u00a0\u00bb&#8230;.<\/strong><\/p>\n\n\n\n<p class=\"has-black-color has-text-color has-link-color has-medium-font-size wp-elements-7cfb6e2ff8284d525eb6b0d1b0d7e337\">D\u00e8s le d\u00e9but de la pand\u00e9mie Covid 19, le bureau avait fait le choix de ne pas se mettre en sommeil mais plut\u00f4t de trouver une solution pour garder le lien avec ses adh\u00e9rents. C\u2019est alors que l\u2019id\u00e9e&nbsp;baptis\u00e9e \u00ab&nbsp;La minute culturelle&nbsp;\u00bb,&nbsp;est n\u00e9e&#8230; Transformer chaque atelier de danse annul\u00e9 par une newsletter qui soit une invitation \u00e0 danser chez soi.<\/p>\n<\/div>\n\n\n\n<div class=\"wp-block-column is-layout-flow wp-block-column-is-layout-flow\">\n<div class=\"wp-block-buttons is-layout-flex wp-block-buttons-is-layout-flex\">\n<div class=\"wp-block-button\"><a class=\"wp-block-button__link has-black-color has-pale-ocean-gradient-background has-text-color has-background has-link-color has-medium-font-size has-custom-font-size wp-element-button\" href=\"http:\/\/www.kerradan.fr\/index.php\/nos-evenements\/cetait-hier-2023-2024\/\" target=\"_blank\" rel=\"noreferrer noopener\"><strong>Les Ev\u00e8nements 2024<\/strong><\/a><\/div>\n<\/div>\n\n\n\n<div style=\"height:30px\" aria-hidden=\"true\" class=\"wp-block-spacer\"><\/div>\n\n\n\n<div class=\"wp-block-buttons is-layout-flex wp-block-buttons-is-layout-flex\">\n<div class=\"wp-block-button is-style-fill\"><a class=\"wp-block-button__link has-black-color has-pale-ocean-gradient-background has-text-color has-background has-link-color has-medium-font-size has-custom-font-size wp-element-button\" href=\"http:\/\/www.kerradan.fr\/index.php\/evenements-2023\/\" target=\"_blank\" rel=\"noreferrer noopener\"><strong>Les Ev\u00e8nements 2023<\/strong><\/a><\/div>\n<\/div>\n\n\n\n<div style=\"height:30px\" aria-hidden=\"true\" class=\"wp-block-spacer\"><\/div>\n\n\n\n<div class=\"wp-block-buttons is-layout-flex wp-block-buttons-is-layout-flex\">\n<div class=\"wp-block-button\"><a class=\"wp-block-button__link has-black-color has-pale-ocean-gradient-background has-text-color has-background has-link-color has-medium-font-size has-custom-font-size wp-element-button\" href=\"http:\/\/www.kerradan.fr\/index.php\/nos-evenements\/evenements-2022\/\" target=\"_blank\" rel=\"noreferrer noopener\"><strong>Les Ev\u00e8nements 2022 <\/strong><\/a><\/div>\n<\/div>\n\n\n\n<div style=\"height:30px\" aria-hidden=\"true\" class=\"wp-block-spacer\"><\/div>\n\n\n\n<div class=\"wp-block-buttons is-layout-flex wp-block-buttons-is-layout-flex\">\n<div class=\"wp-block-button\"><a class=\"wp-block-button__link has-black-color has-pale-ocean-gradient-background has-text-color has-background has-link-color has-medium-font-size has-custom-font-size wp-element-button\" href=\"http:\/\/www.kerradan.fr\/index.php\/nos-evenements-passes\/\" target=\"_blank\" rel=\"noreferrer noopener\"><strong>Les Ev\u00e8nements 2021 <\/strong><\/a><\/div>\n<\/div>\n\n\n\n<div style=\"height:30px\" aria-hidden=\"true\" class=\"wp-block-spacer\"><\/div>\n\n\n\n<div class=\"wp-block-buttons is-layout-flex wp-block-buttons-is-layout-flex\">\n<div class=\"wp-block-button\"><a class=\"wp-block-button__link has-black-color has-pale-ocean-gradient-background has-text-color has-background has-link-color has-medium-font-size has-custom-font-size wp-element-button\" href=\"http:\/\/www.kerradan.fr\/index.php\/la-minute-culturelle-2020-2021\/\" target=\"_blank\" rel=\"noreferrer noopener\"><strong>La Minute Culturelle 2020 &#8211; 2021<\/strong><\/a><\/div>\n<\/div>\n<\/div>\n<\/div>\n","protected":false},"excerpt":{"rendered":"<p>D\u00e9tail en cliquant sur le bouton de l&rsquo;ann\u00e9e concern\u00e9e\u2026 2024 &#8230;. C&lsquo;est notre anniversaire &#8230;. 15 ans d\u00e9j\u00e0 2023, on continue sur notre lanc\u00e9e&#8230;. 2022, une ann\u00e9e riche en nouveaut\u00e9s&#8230;. Outre le retour tant attendu des Fest Noz sans masques ni contraintes, 2022 c&rsquo;est 2020 &#8230;2021 &#8230;. des ann\u00e9es chaotiques, avec un seul mot d&rsquo;ordre<\/p>\n","protected":false},"author":1,"featured_media":0,"parent":0,"menu_order":0,"comment_status":"closed","ping_status":"closed","template":"","meta":{"footnotes":""},"class_list":["post-1972","page","type-page","status-publish","hentry"],"_links":{"self":[{"href":"http:\/\/www.kerradan.fr\/index.php\/wp-json\/wp\/v2\/pages\/1972","targetHints":{"allow":["GET"]}}],"collection":[{"href":"http:\/\/www.kerradan.fr\/index.php\/wp-json\/wp\/v2\/pages"}],"about":[{"href":"http:\/\/www.kerradan.fr\/index.php\/wp-json\/wp\/v2\/types\/page"}],"author":[{"embeddable":true,"href":"http:\/\/www.kerradan.fr\/index.php\/wp-json\/wp\/v2\/users\/1"}],"replies":[{"embeddable":true,"href":"http:\/\/www.kerradan.fr\/index.php\/wp-json\/wp\/v2\/comments?post=1972"}],"version-history":[{"count":70,"href":"http:\/\/www.kerradan.fr\/index.php\/wp-json\/wp\/v2\/pages\/1972\/revisions"}],"predecessor-version":[{"id":5005,"href":"http:\/\/www.kerradan.fr\/index.php\/wp-json\/wp\/v2\/pages\/1972\/revisions\/5005"}],"wp:attachment":[{"href":"http:\/\/www.kerradan.fr\/index.php\/wp-json\/wp\/v2\/media?parent=1972"}],"curies":[{"name":"wp","href":"https:\/\/api.w.org\/{rel}","templated":true}]}}