{"id":1654,"date":"2021-07-10T11:26:37","date_gmt":"2021-07-10T09:26:37","guid":{"rendered":"http:\/\/www.kerradan.fr\/?page_id=1654"},"modified":"2026-02-27T16:44:35","modified_gmt":"2026-02-27T15:44:35","slug":"planning-2021-2022","status":"publish","type":"page","link":"http:\/\/www.kerradan.fr\/index.php\/planning-2021-2022\/","title":{"rendered":"Les Ateliers"},"content":{"rendered":"\n<p class=\"has-black-color has-text-color has-link-color has-medium-font-size wp-elements-811ae1fcd5ee068db95b5a1bc5368e29\"><strong>Les ateliers ont lieu de 18H45 \u00e0 21H, Salle des F\u00eates Olivier Hureau &#8211; Rue Jeanne D&rsquo;arc \u00e0 La Bernerie, selon le planning ci dessous.<\/strong><\/p>\n\n\n\n<p class=\"has-black-color has-text-color has-link-color has-medium-font-size wp-elements-b572979126bf214085636c9a3773e8c0\"><strong>Chaque atelier commence par 1\/4 heure d&rsquo;apprentissage d&rsquo;un pas de base (Andro, Scottish, Mazurka, pas subdivis\u00e9s &#8230;), puis se poursuit selon la formule d&rsquo;apprentissage par danse. Les d\u00e9butants sont pris en charge par les plus chevronn\u00e9s de nos adh\u00e9rents, ce qui permets de faciliter leur apprentissage. <\/strong><\/p>\n\n\n\n<figure class=\"wp-block-image size-large\"><img loading=\"lazy\" decoding=\"async\" width=\"1024\" height=\"724\" src=\"http:\/\/www.kerradan.fr\/wp-content\/uploads\/2026\/02\/Calendrier-2025-2026-1024x724.jpg\" alt=\"\" class=\"wp-image-5368\" srcset=\"http:\/\/www.kerradan.fr\/wp-content\/uploads\/2026\/02\/Calendrier-2025-2026-1024x724.jpg 1024w, http:\/\/www.kerradan.fr\/wp-content\/uploads\/2026\/02\/Calendrier-2025-2026-300x212.jpg 300w, http:\/\/www.kerradan.fr\/wp-content\/uploads\/2026\/02\/Calendrier-2025-2026-768x543.jpg 768w, http:\/\/www.kerradan.fr\/wp-content\/uploads\/2026\/02\/Calendrier-2025-2026-1536x1086.jpg 1536w, http:\/\/www.kerradan.fr\/wp-content\/uploads\/2026\/02\/Calendrier-2025-2026.jpg 1755w\" sizes=\"auto, (max-width: 1024px) 100vw, 1024px\" \/><\/figure>\n","protected":false},"excerpt":{"rendered":"<p>Les ateliers ont lieu de 18H45 \u00e0 21H, Salle des F\u00eates Olivier Hureau &#8211; Rue Jeanne D&rsquo;arc \u00e0 La Bernerie, selon le planning ci dessous. Chaque atelier commence par 1\/4 heure d&rsquo;apprentissage d&rsquo;un pas de base (Andro, Scottish, Mazurka, pas subdivis\u00e9s &#8230;), puis se poursuit selon la formule d&rsquo;apprentissage par danse. Les d\u00e9butants sont pris<\/p>\n","protected":false},"author":1,"featured_media":0,"parent":0,"menu_order":0,"comment_status":"closed","ping_status":"closed","template":"","meta":{"footnotes":""},"class_list":["post-1654","page","type-page","status-publish","hentry"],"_links":{"self":[{"href":"http:\/\/www.kerradan.fr\/index.php\/wp-json\/wp\/v2\/pages\/1654","targetHints":{"allow":["GET"]}}],"collection":[{"href":"http:\/\/www.kerradan.fr\/index.php\/wp-json\/wp\/v2\/pages"}],"about":[{"href":"http:\/\/www.kerradan.fr\/index.php\/wp-json\/wp\/v2\/types\/page"}],"author":[{"embeddable":true,"href":"http:\/\/www.kerradan.fr\/index.php\/wp-json\/wp\/v2\/users\/1"}],"replies":[{"embeddable":true,"href":"http:\/\/www.kerradan.fr\/index.php\/wp-json\/wp\/v2\/comments?post=1654"}],"version-history":[{"count":34,"href":"http:\/\/www.kerradan.fr\/index.php\/wp-json\/wp\/v2\/pages\/1654\/revisions"}],"predecessor-version":[{"id":5369,"href":"http:\/\/www.kerradan.fr\/index.php\/wp-json\/wp\/v2\/pages\/1654\/revisions\/5369"}],"wp:attachment":[{"href":"http:\/\/www.kerradan.fr\/index.php\/wp-json\/wp\/v2\/media?parent=1654"}],"curies":[{"name":"wp","href":"https:\/\/api.w.org\/{rel}","templated":true}]}}